{"id":1167,"date":"2018-10-18T22:18:06","date_gmt":"2018-10-18T20:18:06","guid":{"rendered":"http:\/\/waldorfschule-ingolstadt.de\/?page_id=1167"},"modified":"2019-09-16T20:30:56","modified_gmt":"2019-09-16T18:30:56","slug":"schule-der-zukunft","status":"publish","type":"page","link":"https:\/\/waldorfschule-ingolstadt.de\/?page_id=1167","title":{"rendered":"Schule der Zukunft"},"content":{"rendered":"\n<h3 class=\"wp-block-heading\">Die Waldorfschule wird die Schule der Zukunft sein&#8230;<\/h3>\n\n\n\n<p>&#8230; weil sie auf <span style=\"color: #ff9900;\">Erkenntnisse<\/span> gr\u00fcndet und <span style=\"color: #ff9900;\">Methoden<\/span> anwendet, die von der Gesellschaft nach und nach als richtig und wahr erkannt, immer mehr ins Bewusstsein aufgenommen und in der Schulbildung eingefordert werden. Die entsprechenden Grundlagen hierf\u00fcr hat Rudolf Steiner (1861 &#8211; 1925), der Begr\u00fcnder der von ihm so genannten Anthroposophie, gelegt. Sein Impuls beruht nicht auf einem erfundenen intellektuellen Konstrukt, er basiert vielmehr auf natur- und geisteswissenschaftlichen Einsichten von zeitloser Allgemeing\u00fcltigkeit. Neben der Waldorfp\u00e4dagogik wurden unter seinem Einfluss bzw. durch seine Hinweise in zahlreichen Schriften und Vortr\u00e4gen u. a. die biologisch-dynamische Landwirtschaft, eine erfolgreiche ganzheitliche Medizin, eine weltweit bekannte Architektursprache und eine neuartige Evolutions- und Menschenkunde begr\u00fcndet.<\/p>\n\n\n\n<blockquote class=\"wp-block-quote is-layout-flow wp-block-quote-is-layout-flow\"><p>Eine Schule, die jedem offen steht und das Potential jedes einzelnen Individuums zu entfalten sucht<\/p><\/blockquote>\n\n\n\n<p>Als staatlich anerkannte Schule in freier Tr\u00e4gerschaft steht die Waldorfschule jedem offen, erm\u00f6glicht alle bekannten <span style=\"color: #ff9900;\">Abschl\u00fcsse bis hin zum Abitur<\/span> (Allgemeine Hochschulreife), bietet jedoch durch das ihr zu Grunde liegende umfassende Menschenbild den unterschiedlichen Begabungen der Sch\u00fcler vielf\u00e4ltigere F\u00f6rderungen und Entfaltungsm\u00f6glichkeiten als das die staatlichen Schulen mit ihren hergebrachten Lehrpl\u00e4nen und -methoden leisten k\u00f6nnen. Sie ist also <span style=\"color: #ff9900;\">keine besondere Eliteschule<\/span> oder gar die Erziehungsanstalt einer sektenartigen Bewegung. Ihre P\u00e4dagogik basiert auf der Erkenntnis, dass der junge Mensch <span style=\"color: #ff9900;\">F\u00f6rderung zur Ausbildung all seiner k\u00f6rperlichen, seelischen und geistigen Anlagen<\/span> erfahren soll, um diese dann frei in seinem Leben zum Einsatz bringen zu k\u00f6nnen. Folglich bildet die Waldorfschule nicht vorrangig f\u00fcr den unmittelbaren Einsatz in den etablierten Gesellschafts- und Wirtschaftsstrukturen aus, sondern versucht, das im individuellen Menschen angelegte <span style=\"color: #ff9900;\">Potential zur Entfaltung<\/span> zu bringen. Sie dient damit nicht nur der Vermittlung von Lerninhalten, sie will vielmehr die Entwicklung der Sch\u00fcler\/innen hinsichtlich ihrer ganzen Pers\u00f6nlichkeit unterst\u00fctzen. Dass diese Zielrichtung <span style=\"color: #ff9900;\">Gesundheit und Ausgeglichenheit, freies Denken, soziales Verst\u00e4ndnis und intelligentes Handeln<\/span> f\u00f6rdert und damit zu <span style=\"color: #ff9900;\">positiven Ver\u00e4nderungen in der Welt<\/span> beitr\u00e4gt, ist nicht nur erfreulich f\u00fcr den Einzelnen, sondern angesichts der vielf\u00e4ltigen globalen Probleme dringend notwendig (Not wendend) f\u00fcr das Wohlergehen und friedliche Zusammenleben aller Menschen.<\/p>\n\n\n\n<p>Die erste Waldorfschule wurde 1909 in Stuttgart als Schule f\u00fcr die Arbeiterkinder der Zigarettenfabrik Waldorf-Astoria gegr\u00fcndet. Zur Schule der Zukunft wird sie dadurch, dass immer mehr Menschen die <span style=\"color: #ff9900;\">Methoden der staatlichen Schulen nicht mehr<\/span> als <span style=\"color: #ff9900;\">ausreichend<\/span> betrachten und die von Steiner initiierte Menschenkunde und P\u00e4dagogik zunehmend auf \u00fcberzeugte Akzeptanz st\u00f6\u00dft. Die Nachfrage nach entsprechenden alternativen Bildungseinrichtungen ist daher gro\u00df.<\/p>\n\n\n\n<blockquote class=\"wp-block-quote is-layout-flow wp-block-quote-is-layout-flow\"><p>Bedeutende Firmen bekennen sich zur anthroposophischen Welt- und Menschenkunde<\/p><\/blockquote>\n\n\n\n<p>Wenn sich heute bedeutende Firmen, wie zum Beispiel die <span style=\"color: #ff9900;\">GLS-Bank<\/span>, die Lebensmittelerzeugergemeinschaft <span style=\"color: #ff9900;\">Demeter<\/span>, die Biomarktkette <span style=\"color: #ff9900;\">Alnatura<\/span>, die Drogeriemarktkette <span style=\"color: #ff9900;\">dm<\/span>, die weltweit agierende <span style=\"color: #ff9900;\">Software AG<\/span>, die Maschinenbauunternehmen <span style=\"color: #ff9900;\">Mahle<\/span> und <span style=\"color: #ff9900;\">Voit<\/span> zur anthroposophischen Welt- und Menschenkunde bekennen und ihr soziales Handeln danach ausrichten, dann bedeutet dies, dass Ver\u00e4nderungen zum Positiven hin bereits stattfinden (1). Den N\u00e4hrboden hierf\u00fcr bilden die zahlreichen Waldorfschulen, von denen es weltweit bereits \u00fcber 1300 und in Deutschland \u00fcber 250 gibt (2). Ihre Zahl nimmt laufend zu. Allein in Bayern arbeiten mehrere Gr\u00fcndungsinitiativen, um dem Bedarf \u00fcber die bestehenden Schulen hinaus gerecht zu werden.<\/p>\n\n\n\n<p>Auf zweierlei Weisen kann man sich von der Aktualit\u00e4t und den f\u00f6rderlichen Qualit\u00e4ten des Waldorfgedankens \u00fcberzeugen lassen: Einmal durch das Studium der anthroposophischen Weltanschauung und P\u00e4dagogik mit ihren zu tiefst <span style=\"color: #ff9900;\">christlich-humanistischen Prinzipien<\/span>, aber auch durch das Beispiel namhafter Pers\u00f6nlichkeiten, die selbst Waldorfsch\u00fcler waren oder ihre Kinder auf Waldorfschulen schicken. An einer Reihe von bekannten Namen &#8211; hier nur aus dem deutschen Raum &#8211; soll belegt werden, wie gro\u00dfe Lebensleistungen auf verschiedenen Gebieten mit Erfolg und Anerkennung im Beruf aus einer Waldorfausbildung hervorgehen k\u00f6nnen. Die Auswahl von ehemaligen Waldorfsch\u00fclern mit Hinweisen zu ihrer T\u00e4tigkeit und Stellung sind aus einem Internet-Portal \u00fcber ber\u00fchmte Alumni aus verschiedenen L\u00e4ndern zitiert (3):<\/p>\n\n\n\n<blockquote class=\"wp-block-quote is-layout-flow wp-block-quote-is-layout-flow\"><p>Auswahl von ehemaligen Waldorfsch\u00fclern<\/p><\/blockquote>\n\n\n\n<ul class=\"wp-block-list\"><li><span style=\"color: #ff9900;\">Michael Andritzky <\/span>(Gesch\u00e4ftsf\u00fchrer der Arbeitgebervereinigung Nahrung und Genuss e.V.)<\/li><li><span style=\"color: #ff9900;\">Stefan Behnisch <\/span>(Architekt)- Herbert Dreiseitl (Landschaftsarchitekt, K\u00fcnstler)<\/li><li><span style=\"color: #ff9900;\">Michael Ende<\/span> (Autor, \u00dcbersetzungen in 40 Sprachen, Verfilmungen)<\/li><li><span style=\"color: #ff9900;\">Rainer Werner Fassbinder<\/span> (Filmemacher, Autor, Schauspieler)<\/li><li><span style=\"color: #ff9900;\">Thomas Gruber<\/span> (Generaldirektor des Bayerischen Rundfunks)<\/li><li><span style=\"color: #ff9900;\">Rolf Gutbrod<\/span> (Architekt)<\/li><li><span style=\"color: #ff9900;\">Raimund Harmstorf<\/span> (Schauspieler)<\/li><li><span style=\"color: #ff9900;\">Matthias Hartmann<\/span> (Direktor des Wiener Burgtheaters)<\/li><li><span style=\"color: #ff9900;\">Thomas Jorberg<\/span> (Sprecher und Manager der GLS-Bank)<\/li><li><span style=\"color: #ff9900;\">Alexander S. Kek\u00fcl\u00e9<\/span> (Arzt, Biochemiker, Autor)<\/li><li><span style=\"color: #ff9900;\">Ekkehard Kohlhaas<\/span> (Jurist, Generalbundesanwalt)<\/li><li><span style=\"color: #ff9900;\">Peter Kulitz<\/span> (Pr\u00e4sident der Industrie- u. Handelskammer, Baden W\u00fcrttemberg)<\/li><li><span style=\"color: #ff9900;\">Heiner Lauterbach<\/span> (Schauspieler)<\/li><li><span style=\"color: #ff9900;\">Ferdinand Alexander Porsche<\/span> (Designer, Porsche 911 und 904)<\/li><li><span style=\"color: #ff9900;\">Wolfgang Porsche<\/span> (Manager der Porsche AG)<\/li><li><span style=\"color: #ff9900;\">G\u00f6tz E. Rehn<\/span> (Gr\u00fcnder der Alnatura GmbH)<\/li><li><span style=\"color: #ff9900;\">Konrad Schily<\/span> (Arzt, Pr\u00e4sident der Universit\u00e4t Witten-Herdecke, Bruder von Otto Schily)<\/li><li><span style=\"color: #ff9900;\">Thomas C. S\u00fcdhof<\/span> (Biochemiker, Nobelpreistr\u00e4ger 2013)<\/li><li><span style=\"color: #ff9900;\">Tankred St\u00f6be<\/span> (Arzt, Pr\u00e4sident von &#8222;\u00c4rzte ohne Grenzen&#8220;)<\/li><\/ul>\n\n\n\n<p>Nicht nur der bekannte Schriftsteller Hans-Magnus Enzensberger und die ehemalige bayerische Kultusministerin Monika Hohlmeier &#8211; um nur zwei Beispiele zu nennen &#8211; lassen ihren Kindern die Waldorfp\u00e4dagogik angedeihen. Stefan Leber, der \u00fcber internationale Elterninitiativen zur Gr\u00fcndung von Waldorfschulen berichtet, schreibt u. a.: &#8222;&#8230;, dass es gerade Eltern waren, die in der Entwicklung von Hochtechnologie t\u00e4tig sind, die ihre Zeit, Energie und Kraft f\u00fcr Schulgr\u00fcndungen einsetzen, so dass in den letzten zw\u00f6lf Jahren z. B. vierzehn Waldorfschulen rund um die San Francisco Bay entstanden&#8220; (4).<\/p>\n\n\n\n<p><strong><span style=\"color: #ff9900;\">Diese Beispiele sind Zeugen f\u00fcr die Wirksamkeit der Idee, in der Ausbildung der Heranwachsenden prim\u00e4r die Entfaltung der ganz verschieden angelegten Begabungen ins Auge zu fassen, um ihnen zu ihrem Lebensgl\u00fcck zu verhelfen und zum Wohlergehen der Welt beizutragen. Die Waldorfschulbewegung ist diesem Ziel verpflichtet<\/span> <\/strong>(5).<\/p>\n\n\n\n<p>Rudolf M. Huber<\/p>\n\n\n\n<p>(1) Bettina Weiguny in der FAZ vom 26.02.2010<\/p>\n\n\n\n<p>(2) Zeitschrift &#8222;Erziehungskunst&#8220; Ausgabe 9\/2019, S.30<\/p>\n\n\n\n<p>(3) <a href=\"http:\/\/www.thewaldorfs.waldorf.net\">www.thewaldorfs.waldorf.net<\/a><\/p>\n\n\n\n<p>(4) Stefan Leber: &#8222;Historische und gesellschaftliche Zusammenh\u00e4nge der Waldorfschulen&#8220;, in: Peter Loebell (Hrsg.): Waldorfschule heute, Stuttgart 2011, S. 57<\/p>\n\n\n\n<p>(5) Weitere Informationen siehe: <a href=\"http:\/\/www.waldorfschule.de\">www.waldorfschule.de<\/a><\/p>\n","protected":false},"excerpt":{"rendered":"<p>Die Waldorfschule wird die Schule der Zukunft sein&#8230; &#8230; weil sie auf Erkenntnisse gr\u00fcndet und Methoden anwendet, die von der Gesellschaft nach und nach als richtig und wahr erkannt, immer [&hellip;]<\/p>\n","protected":false},"author":3,"featured_media":0,"parent":1018,"menu_order":2,"comment_status":"closed","ping_status":"closed","template":"","meta":{"_EventAllDay":false,"_EventTimezone":"","_EventStartDate":"","_EventEndDate":"","_EventStartDateUTC":"","_EventEndDateUTC":"","_EventShowMap":false,"_EventShowMapLink":false,"_EventURL":"","_EventCost":"","_EventCostDescription":"","_EventCurrencySymbol":"","_EventCurrencyCode":"","_EventCurrencyPosition":"","_EventDateTimeSeparator":"","_EventTimeRangeSeparator":"","_EventOrganizerID":[],"_EventVenueID":[],"_OrganizerEmail":"","_OrganizerPhone":"","_OrganizerWebsite":"","_VenueAddress":"","_VenueCity":"","_VenueCountry":"","_VenueProvince":"","_VenueState":"","_VenueZip":"","_VenuePhone":"","_VenueURL":"","_VenueStateProvince":"","_VenueLat":"","_VenueLng":"","_VenueShowMap":false,"_VenueShowMapLink":false,"footnotes":""},"class_list":["post-1167","page","type-page","status-publish","hentry"],"_links":{"self":[{"href":"https:\/\/waldorfschule-ingolstadt.de\/index.php?rest_route=\/wp\/v2\/pages\/1167","targetHints":{"allow":["GET"]}}],"collection":[{"href":"https:\/\/waldorfschule-ingolstadt.de\/index.php?rest_route=\/wp\/v2\/pages"}],"about":[{"href":"https:\/\/waldorfschule-ingolstadt.de\/index.php?rest_route=\/wp\/v2\/types\/page"}],"author":[{"embeddable":true,"href":"https:\/\/waldorfschule-ingolstadt.de\/index.php?rest_route=\/wp\/v2\/users\/3"}],"replies":[{"embeddable":true,"href":"https:\/\/waldorfschule-ingolstadt.de\/index.php?rest_route=%2Fwp%2Fv2%2Fcomments&post=1167"}],"version-history":[{"count":7,"href":"https:\/\/waldorfschule-ingolstadt.de\/index.php?rest_route=\/wp\/v2\/pages\/1167\/revisions"}],"predecessor-version":[{"id":1436,"href":"https:\/\/waldorfschule-ingolstadt.de\/index.php?rest_route=\/wp\/v2\/pages\/1167\/revisions\/1436"}],"up":[{"embeddable":true,"href":"https:\/\/waldorfschule-ingolstadt.de\/index.php?rest_route=\/wp\/v2\/pages\/1018"}],"wp:attachment":[{"href":"https:\/\/waldorfschule-ingolstadt.de\/index.php?rest_route=%2Fwp%2Fv2%2Fmedia&parent=1167"}],"curies":[{"name":"wp","href":"https:\/\/api.w.org\/{rel}","templated":true}]}}