{"id":117,"date":"2014-07-10T22:48:43","date_gmt":"2014-07-10T20:48:43","guid":{"rendered":"http:\/\/waldorfschule-ingolstadt.de\/wordpress\/?page_id=117"},"modified":"2019-07-22T12:22:54","modified_gmt":"2019-07-22T10:22:54","slug":"mitmachen","status":"publish","type":"page","link":"https:\/\/waldorfschule-ingolstadt.de\/?page_id=117","title":{"rendered":"Mitmachen und unterst\u00fctzen"},"content":{"rendered":"\n<p><span style=\"color: #000000;\">Es gibt mehrere M\u00f6glichkeiten, unser Ziel \u201eWaldorfschule in Ingolstadt\u201c&nbsp;zu unterst\u00fctzen, doch&nbsp;wie fangen Sie am besten an?<\/span><\/p>\n\n\n\n<ul class=\"wp-block-list\"><li>nehmen Sie <a href=\"http:\/\/waldorfschule-ingolstadt.de\/?page_id=139\">Kontakt<\/a> zu uns auf<\/li><li>sprechen Sie Kollegen und Mitarbeiter mit Kindern an<\/li><li>treten Sie unserem F\u00f6rderverein bei und unterst\u00fctzen Sie uns durch eine F\u00f6rdermitgliedschaft<\/li><\/ul>\n\n\n\n<hr class=\"wp-block-separator\"\/>\n\n\n\n<p><strong>Eltern<\/strong> kommt eine tragendende Rolle in der Waldorfp\u00e4dagogik zu. Nicht nur im Entstehen einer neuen Schule sondern vor allem parallel zur Schulzeit sind \u201eWaldorf-Eltern\u201c in das Schulleben integriert und k\u00f6nnen dies aktiv mitgestalten.&nbsp;Zum einen&nbsp;soll sich die Erziehung im Privaten und der Schule gegenseitig erg\u00e4nzen, zum anderen&nbsp;hilft der enge Kontakt zu den Waldorflehrern die heute so wichtigen \u201eSoft-Skills\u201c zu erlernen, zu festigen und weiterzugeben.<\/p>\n\n\n\n<p><strong>Aufgaben f\u00fcr Eltern zur Schulgr\u00fcndung<br><\/strong><\/p>\n\n\n\n<ul class=\"wp-block-list\"><li>besuchen Sie unsere Vortr\u00e4ge und informieren Sie sich \u00fcber Waldorfp\u00e4dagogik<\/li><li>machen Sie&nbsp;Werbung f\u00fcr die k\u00fcnftige Schule<\/li><li>unterst\u00fctzen Sie uns&nbsp;bei den Infost\u00e4nden<\/li><li>arbeiten Sie an der Konzeption unserer Schule mit<\/li><\/ul>\n\n\n\n<hr class=\"wp-block-separator\"\/>\n\n\n\n<p>Als <strong>Aktiver<\/strong>&nbsp;k\u00f6nnen Sie die Entstehung einer neuen Waldorfschule tatkr\u00e4ftig unterst\u00fctzen \u2013 momentan haben wir alle H\u00e4nde voll zu tun und sind f\u00fcr jegliche Unterst\u00fctzung dankbar. Sie sind \u00fcberzeugt vom Schulsystem nach Rudolf Steiner und wollen die Schulgr\u00fcndung aktiv unterst\u00fctzen? Gern!&nbsp;Helfen Sie uns durch Ihren Beitrag, die vielen Aufgaben bestm\u00f6glich zu meistern und als Team eine Waldorfschule in der Region entstehen zu lassen.<\/p>\n\n\n\n<p><strong>Aufgaben f\u00fcr Aktive zur Schulgr\u00fcndung<\/strong><\/p>\n\n\n\n<ul class=\"wp-block-list\"><li>machen Sie&nbsp;Werbung f\u00fcr die k\u00fcnftige Schule<\/li><li>unterst\u00fctzen Sie uns&nbsp;bei den Infost\u00e4nden und Vortr\u00e4gen<\/li><li>arbeiten Sie an der Konzeption unserer Schule mit<\/li><li>besuchen Sie andere Schuleinrichtungen, analysieren und berichten Sie dar\u00fcber<\/li><li>Recherche zu Themen wie \u201egesunde Schulkost\u201c, \u201ebrauchbare Geb\u00e4ude\u201c, \u201eBeh\u00f6rdenauflagen\u201c\u2026<\/li><li>\u00fcbernehmen Sie einen Arbeitskreis, z.B. Holzspielzeug, Basteln, Stricken, Formenzeichnen, um die Waldorfp\u00e4dagogik greifbar zu machen<\/li><\/ul>\n\n\n\n<hr class=\"wp-block-separator\"\/>\n\n\n\n<p>Erfahrene und vielseitige <strong>Waldorflehrer<\/strong> sind rar. Das wissen wir \u2013&nbsp;deshalb m\u00f6chten wir uns besonders daf\u00fcr einsetzen, dass unsere k\u00fcnftige Waldorfschule ein interessanter, aktiver und beweglicher Ort f\u00fcr Sie wird. Fest eingeplante Weiterbildungszeiten, spannende Kontakte zu Schulpartnern, angenehmes und freundliches \u201eWir\u201c sollen f\u00fcr Anreize sorgen, sich bei uns einzusetzen.<\/p>\n\n\n\n<p><strong>Sie sind bereits ausgebildete\/r Waldorflehrer\/in<\/strong><\/p>\n\n\n\n<ul class=\"wp-block-list\"><li>geben Sie uns eine Chance und nehmen Sie Kontakt zu uns auf<\/li><li>teilen Sie uns Ihre Vorstellungen mit<\/li><li>gestalten Sie schon jetzt fr\u00fchzeitig den Schulalltag mit und unterst\u00fctzen Sie uns bei der Konzeption<\/li><li>halten Sie einen Vortrag zu Ihrem Fachgebiet auf einem unserer Infoabende<\/li><\/ul>\n\n\n\n<p><strong> Sie sind noch kein\/e Waldorflehrer\/in<\/strong><\/p>\n\n\n\n<p>Von Waldorflehrern wird neben dem Staatsexamen eine Zusatzausbildung zur Waldorfp\u00e4dagogik verlangt, die k\u00f6nnen Sie z. B. in M\u00fcnchen oder N\u00fcrnberg machen:<\/p>\n\n\n\n<ul class=\"wp-block-list\"><li><a href=\"https:\/\/www.waldorfschule-nuernberg.de\/lehrerseminar\/\">Waldorflehrerseminar in N\u00fcrnberg<\/a><\/li><li><a href=\"http:\/\/www.waldorfseminar-muenchen.de\/index.php?option=com_content&amp;view=article&amp;id=1&amp;Itemid=2\">Weiterbildung zum Waldorflehrer in M\u00fcnchen<\/a><\/li><\/ul>\n\n\n\n<hr class=\"wp-block-separator\"\/>\n\n\n\n<p>Als <strong>Sch\u00fcler\/in<\/strong>&nbsp;m\u00f6chtest du mehr Anerkennung, kreativer sein, mehr Musik, mehr Gemeinschaft, weniger Noten und Druck \u2013&nbsp;vielleicht ist ja eine Waldorfschule eine echte Alternative f\u00fcr dich oder deine Geschwister?&nbsp;Auch wenn wir es f\u00fcr dich selbst wahrscheinlich&nbsp;nicht mehr schaffen werden, eine weiterf\u00fchrende, h\u00f6here Klasse ins Leben zu rufen, willst du f\u00fcr deine j\u00fcngere Schwester oder den Bruder einen anderen Weg suchen?<\/p>\n\n\n\n<p><strong> Was du als Sch\u00fcler tun kannst:<\/strong><\/p>\n\n\n\n<ul class=\"wp-block-list\"><li>mache deine Eltern auf unsere Initiative aufmerksam<\/li><li>besuche unsere Vortr\u00e4ge und informiere dich \u00fcber Waldorfp\u00e4dagogik<\/li><\/ul>\n\n\n\n<hr class=\"wp-block-separator\"\/>\n\n\n\n<p>Mitmachen als <strong>Sponsor<\/strong>:&nbsp;Ohne finanzielle Mittel k\u00f6nnen wir keine Schule aufbauen. Wir versuchen so viel wie m\u00f6glich aus eigener Kraft zu leisten \u2013 und&nbsp;freuen uns \u00fcber jede Unterst\u00fctzung. Vielleicht wollen Sie ja in die n\u00e4chste Generation investieren, einen wirklich nachhaltigen Beitrag f\u00fcr die Gesellschaft leisten oder uns einfach in die Lage versetzen eine besonders erfolgreiche Schule zu gr\u00fcnden?<\/p>\n\n\n\n<p><strong> Wie kann ich als Sponsor die Gr\u00fcndung der Waldorfschule unterst\u00fctzen?<\/strong><\/p>\n\n\n\n<ul class=\"wp-block-list\"><li>geben Sie uns die M\u00f6glichkeit, uns im Rahmen einer Veranstaltungen oder \u00e4hnliches in Ihrer Firma zu pr\u00e4sentieren und&nbsp;unsere Ideen vorzustellen<\/li><li>unterst\u00fctzen Sie uns durch eine F\u00f6rdermitgliedschaft<\/li><li>helfen Sie uns durch Sachspenden oder Dienstleistungen aus Ihrem Fach<\/li><li>spenden Sie einen beliebigen Betrag f\u00fcr die Schule<\/li><li>suchen Sie sich ein konkretes Projekt aus, das Sie f\u00f6rdern wollen<\/li><\/ul>\n\n\n\n<hr class=\"wp-block-separator\"\/>\n\n\n\n<p>Mitmachen als <strong>Partner<\/strong>:&nbsp;Unsere Waldorfschule wird mit regionalen Firmen zusammenarbeiten. Sowohl in der Entstehungsphase ben\u00f6tigen wir Unterst\u00fctzung als auch nach der Schulgr\u00fcndung. Wir ben\u00f6tigen Unterst\u00fctzung beim Schulgeb\u00e4ude und vielen anfallenden Aufgaben, wenn Sch\u00fcler Praktika machen oder eventuell parallel eine Ausbildung im Handwerk angeboten wird.<\/p>\n\n\n\n<p><strong> Sie haben eine Firma und w\u00fcrden gerne helfen:<\/strong><\/p>\n\n\n\n<ul class=\"wp-block-list\"><li>bringen Sie Ihr Expertenwissen ein,&nbsp;bewahren Sie uns vor Fehlern und helfen Sie uns<\/li><li>stellen Sie Ihren Betrieb vor und erl\u00e4utern uns, wie Sie sich eine Zusammenarbeit vorstellen k\u00f6nnen<\/li><li>informieren Sie Ihre Mitarbeiter \u00fcber unser Projekt<\/li><\/ul>\n","protected":false},"excerpt":{"rendered":"<p>Es gibt mehrere M\u00f6glichkeiten, unser Ziel \u201eWaldorfschule in Ingolstadt\u201c&nbsp;zu unterst\u00fctzen, doch&nbsp;wie fangen Sie am besten an? nehmen Sie Kontakt zu uns auf sprechen Sie Kollegen und Mitarbeiter mit Kindern an [&hellip;]<\/p>\n","protected":false},"author":1,"featured_media":0,"parent":1020,"menu_order":4,"comment_status":"closed","ping_status":"closed","template":"","meta":{"_EventAllDay":false,"_EventTimezone":"","_EventStartDate":"","_EventEndDate":"","_EventStartDateUTC":"","_EventEndDateUTC":"","_EventShowMap":false,"_EventShowMapLink":false,"_EventURL":"","_EventCost":"","_EventCostDescription":"","_EventCurrencySymbol":"","_EventCurrencyCode":"","_EventCurrencyPosition":"","_EventDateTimeSeparator":"","_EventTimeRangeSeparator":"","_EventOrganizerID":[],"_EventVenueID":[],"_OrganizerEmail":"","_OrganizerPhone":"","_OrganizerWebsite":"","_VenueAddress":"","_VenueCity":"","_VenueCountry":"","_VenueProvince":"","_VenueState":"","_VenueZip":"","_VenuePhone":"","_VenueURL":"","_VenueStateProvince":"","_VenueLat":"","_VenueLng":"","_VenueShowMap":false,"_VenueShowMapLink":false,"footnotes":""},"class_list":["post-117","page","type-page","status-publish","hentry"],"_links":{"self":[{"href":"https:\/\/waldorfschule-ingolstadt.de\/index.php?rest_route=\/wp\/v2\/pages\/117","targetHints":{"allow":["GET"]}}],"collection":[{"href":"https:\/\/waldorfschule-ingolstadt.de\/index.php?rest_route=\/wp\/v2\/pages"}],"about":[{"href":"https:\/\/waldorfschule-ingolstadt.de\/index.php?rest_route=\/wp\/v2\/types\/page"}],"author":[{"embeddable":true,"href":"https:\/\/waldorfschule-ingolstadt.de\/index.php?rest_route=\/wp\/v2\/users\/1"}],"replies":[{"embeddable":true,"href":"https:\/\/waldorfschule-ingolstadt.de\/index.php?rest_route=%2Fwp%2Fv2%2Fcomments&post=117"}],"version-history":[{"count":12,"href":"https:\/\/waldorfschule-ingolstadt.de\/index.php?rest_route=\/wp\/v2\/pages\/117\/revisions"}],"predecessor-version":[{"id":1426,"href":"https:\/\/waldorfschule-ingolstadt.de\/index.php?rest_route=\/wp\/v2\/pages\/117\/revisions\/1426"}],"up":[{"embeddable":true,"href":"https:\/\/waldorfschule-ingolstadt.de\/index.php?rest_route=\/wp\/v2\/pages\/1020"}],"wp:attachment":[{"href":"https:\/\/waldorfschule-ingolstadt.de\/index.php?rest_route=%2Fwp%2Fv2%2Fmedia&parent=117"}],"curies":[{"name":"wp","href":"https:\/\/api.w.org\/{rel}","templated":true}]}}