{"id":1181,"date":"2018-10-21T20:10:51","date_gmt":"2018-10-21T18:10:51","guid":{"rendered":"http:\/\/waldorfschule-ingolstadt.de\/?page_id=1181"},"modified":"2019-07-22T12:18:58","modified_gmt":"2019-07-22T10:18:58","slug":"ausbildung-zum-waldorfleherer","status":"publish","type":"page","link":"https:\/\/waldorfschule-ingolstadt.de\/?page_id=1181","title":{"rendered":"Ausbildung zum Waldorflehrer"},"content":{"rendered":"\n<p>Der Einstieg in die Waldorfp\u00e4dagogik ist mit dem 1. oder 2. Staatsexamen, sowie unter bestimmten Voraussetzungen auch f\u00fcr Quereinsteiger m\u00f6glich (<span style=\"color: #ff9900;\"><a style=\"color: #ff9900;\" href=\"https:\/\/www.waldorfschule-nuernberg.de\/lehrerseminar\/seminar-qualifikation.html\">siehe &#8222;Das Seminar &#8211; Qualifikation&#8220;<\/a><\/span>). Alle Informationen \u00fcber das Lehrerseminar gibt es auf den Seiten der Waldorfschule N\u00fcrnberg.<\/p>\n\n\n\n<p><a href=\"https:\/\/www.waldorfschule-nuernberg.de\/lehrerseminar\/\">https:\/\/www.waldorfschule-nuernberg.de\/lehrerseminar\/<\/a><\/p>\n\n\n\n<p>Kontaktaufnahme ist \u00fcber die Homepage oder per Mail an <span style=\"color: #ff9900;\"><a style=\"color: #ff9900;\" href=\"mailto:seminar@waldorfschule-nuernberg.de\">seminar@waldorfschule-nuernberg.de<\/a><\/span> m\u00f6glich.<\/p>\n","protected":false},"excerpt":{"rendered":"<p>Der Einstieg in die Waldorfp\u00e4dagogik ist mit dem 1. oder 2. Staatsexamen, sowie unter bestimmten Voraussetzungen auch f\u00fcr Quereinsteiger m\u00f6glich (siehe &#8222;Das Seminar &#8211; Qualifikation&#8220;). Alle Informationen \u00fcber das Lehrerseminar [&hellip;]<\/p>\n","protected":false},"author":3,"featured_media":0,"parent":1018,"menu_order":0,"comment_status":"closed","ping_status":"closed","template":"","meta":{"_EventAllDay":false,"_EventTimezone":"","_EventStartDate":"","_EventEndDate":"","_EventStartDateUTC":"","_EventEndDateUTC":"","_EventShowMap":false,"_EventShowMapLink":false,"_EventURL":"","_EventCost":"","_EventCostDescription":"","_EventCurrencySymbol":"","_EventCurrencyCode":"","_EventCurrencyPosition":"","_EventDateTimeSeparator":"","_EventTimeRangeSeparator":"","_EventOrganizerID":[],"_EventVenueID":[],"_OrganizerEmail":"","_OrganizerPhone":"","_OrganizerWebsite":"","_VenueAddress":"","_VenueCity":"","_VenueCountry":"","_VenueProvince":"","_VenueState":"","_VenueZip":"","_VenuePhone":"","_VenueURL":"","_VenueStateProvince":"","_VenueLat":"","_VenueLng":"","_VenueShowMap":false,"_VenueShowMapLink":false,"footnotes":""},"class_list":["post-1181","page","type-page","status-publish","hentry"],"_links":{"self":[{"href":"https:\/\/waldorfschule-ingolstadt.de\/index.php?rest_route=\/wp\/v2\/pages\/1181","targetHints":{"allow":["GET"]}}],"collection":[{"href":"https:\/\/waldorfschule-ingolstadt.de\/index.php?rest_route=\/wp\/v2\/pages"}],"about":[{"href":"https:\/\/waldorfschule-ingolstadt.de\/index.php?rest_route=\/wp\/v2\/types\/page"}],"author":[{"embeddable":true,"href":"https:\/\/waldorfschule-ingolstadt.de\/index.php?rest_route=\/wp\/v2\/users\/3"}],"replies":[{"embeddable":true,"href":"https:\/\/waldorfschule-ingolstadt.de\/index.php?rest_route=%2Fwp%2Fv2%2Fcomments&post=1181"}],"version-history":[{"count":4,"href":"https:\/\/waldorfschule-ingolstadt.de\/index.php?rest_route=\/wp\/v2\/pages\/1181\/revisions"}],"predecessor-version":[{"id":1423,"href":"https:\/\/waldorfschule-ingolstadt.de\/index.php?rest_route=\/wp\/v2\/pages\/1181\/revisions\/1423"}],"up":[{"embeddable":true,"href":"https:\/\/waldorfschule-ingolstadt.de\/index.php?rest_route=\/wp\/v2\/pages\/1018"}],"wp:attachment":[{"href":"https:\/\/waldorfschule-ingolstadt.de\/index.php?rest_route=%2Fwp%2Fv2%2Fmedia&parent=1181"}],"curies":[{"name":"wp","href":"https:\/\/api.w.org\/{rel}","templated":true}]}}