{"id":1243,"date":"2018-11-21T21:09:22","date_gmt":"2018-11-21T20:09:22","guid":{"rendered":"http:\/\/waldorfschule-ingolstadt.de\/?page_id=1243"},"modified":"2019-07-22T12:09:53","modified_gmt":"2019-07-22T10:09:53","slug":"lebenshilfen","status":"publish","type":"page","link":"https:\/\/waldorfschule-ingolstadt.de\/?page_id=1243","title":{"rendered":"Lebenshilfen"},"content":{"rendered":"\n<p><strong><a href=\"http:\/\/www.buergerhaus-ingolstadt.de\/Event.aspx?MID=39&amp;EVT=154904\">Anthroposophischer Lesekreis Ingolstadt<\/a><\/strong><br>Im B\u00fcrgerhaus Neuburger Kasten trifft sich regelm\u00e4\u00dfig eine Gruppe Interessierter zum Studium der anthroposophischen Schriften von Rudolf Steiner. Eine Teilnahme ist nach R\u00fccksprache mit R. Ruisinger unter der Telefonnummer 08431\/42686 m\u00f6glich.<\/p>\n\n\n\n<p><a href=\"https:\/\/www.praxisraum-lebenskunst.de\/\"><b>Praxisraum f\u00fcr Lebenskunst&nbsp;<\/b><\/a><br>Kurse, Vortr\u00e4ge, Seminare und Forschung.<br>Aufstellungsarbeit\/Beratung auf geisteswissenschaftlicher Grundlage<br>Einzelpersonen, Firmen und Institutionen<\/p>\n\n\n\n<p><strong><a href=\"https:\/\/www.demeter.de\/\">Demeter Verband<\/a><\/strong><br>Auszug aus &#8222;\u00fcber uns&#8220;:<br>Der <a href=\"https:\/\/www.demeter.de\/organisation\/bundesverband\">Demeter e.V.<\/a> ist der \u00e4lteste Bioverband in Deutschland. Schon seit 1924 bewirtschaften Demeter-Landwirte ihre Felder biodynamisch. Aufgrund der lebendigen Kreislaufwirtschaft gilt die Demeter-Landwirtschaft als nachhaltigste Form der Landbewirtschaftung und <a href=\"https:\/\/www.demeter.de\/unterschied-bio-demeter\">geht weit \u00fcber die Vorgaben der EU-\u00d6ko-Verordnung hinaus<\/a>. Die Biologisch-Dynamische Wirtschaftsweise geht auf <a href=\"https:\/\/www.demeter.de\/sites\/default\/files\/public\/pdf\/steiners_impulse_demeter_biodynamisch.pdf\" target=\"_blank\" rel=\"noopener noreferrer\">Impulse Rudolf Steiners<\/a> zur\u00fcck, der Anfang des 20. Jahrhunderts auch Waldorfp\u00e4dagogik und anthroposophische Heilweise initiierte.<\/p>\n\n\n\n<p>Beim bayerischen Landesverband ist eine Liste bayerischer Betriebe erh\u00e4ltlich, die Waldorfsch\u00fclern ein landwirtschaftliches Praktikum erm\u00f6glichen.<\/p>\n\n\n\n<div>Demeter Bayern \u2013 Biologisch-Dynamische Vereinigung e.V.<\/div>\n\n\n\n<div>Freisinger Str. 16<\/div>\n\n\n\n<div>85406 Zolling<\/div>\n\n\n\n<div><span lang=\"EN-US\">Tel. + 49(0)8167-95758-0<\/span><\/div>\n\n\n\n<div><span lang=\"EN-US\"><a href=\"mailto:info@demeter-bayern.de\">info@demeter-bayern.de<\/a><\/span><\/div>\n\n\n\n<div class=\"\"><span lang=\"EN-US\"><a href=\"http:\/\/www.demeter-bayern.de\/\">www.demeter-bayern.de<\/a><\/span><\/div>\n\n\n\n<div>&nbsp;<\/div>\n\n\n\n<p><strong><a href=\"https:\/\/www.alnatura.de\/\">Alnatura<\/a><\/strong><br>Gegr\u00fcndet vom Anthroposophen G\u00f6tz Rehn. Auszug aus Wikipedia:<br>Die <i>Alnatura Produktions- und Handels GmbH<\/i> wurde 1984 von dem Wirtschaftswissenschaftler <a href=\"https:\/\/de.wikipedia.org\/wiki\/G%C3%B6tz_Rehn\">G\u00f6tz Rehn<\/a>, der bis heute Gesch\u00e4ftsf\u00fchrer ist, als Beratungsunternehmen unter dem Namen <i>Konzeption und Vertrieb nat\u00fcrlicher Lebensmittel Dr. Rehn<\/i> in <a href=\"https:\/\/de.wikipedia.org\/wiki\/Fulda\">Fulda<\/a> gegr\u00fcndet.<\/p>\n\n\n\n<p><strong><a href=\"https:\/\/www.dm.de\/\">DM Drogeriem\u00e4rkte<\/a><\/strong><br>Gegr\u00fcndet vom Anthroposophen G\u00f6tz Werner. Auszug aus Wikipedia:<br>Die <a href=\"https:\/\/de.wikipedia.org\/wiki\/Unternehmenskultur\">Unternehmenskultur<\/a> ist gepr\u00e4gt von flachen Hierarchien mit <a href=\"https:\/\/de.wikipedia.org\/wiki\/Dialogische_F%C3%BChrung\">dialogischer F\u00fchrung&nbsp;<\/a>und gro\u00dfen Entscheidungsspielr\u00e4umen der Mitarbeiter. Nach eigenen Angaben r\u00e4umt der Unternehmensgr\u00fcnder <a href=\"https:\/\/de.wikipedia.org\/wiki\/G%C3%B6tz_Werner\">G\u00f6tz Werner<\/a> dem <a href=\"https:\/\/de.wikipedia.org\/wiki\/Arbeitsklima\">Arbeitsklima<\/a> einen h\u00f6heren Stellenwert ein als dem Profit.<\/p>\n","protected":false},"excerpt":{"rendered":"<p>Anthroposophischer Lesekreis IngolstadtIm B\u00fcrgerhaus Neuburger Kasten trifft sich regelm\u00e4\u00dfig eine Gruppe Interessierter zum Studium der anthroposophischen Schriften von Rudolf Steiner. Eine Teilnahme ist nach R\u00fccksprache mit R. Ruisinger unter der [&hellip;]<\/p>\n","protected":false},"author":3,"featured_media":0,"parent":143,"menu_order":4,"comment_status":"closed","ping_status":"closed","template":"","meta":{"_EventAllDay":false,"_EventTimezone":"","_EventStartDate":"","_EventEndDate":"","_EventStartDateUTC":"","_EventEndDateUTC":"","_EventShowMap":false,"_EventShowMapLink":false,"_EventURL":"","_EventCost":"","_EventCostDescription":"","_EventCurrencySymbol":"","_EventCurrencyCode":"","_EventCurrencyPosition":"","_EventDateTimeSeparator":"","_EventTimeRangeSeparator":"","_EventOrganizerID":[],"_EventVenueID":[],"_OrganizerEmail":"","_OrganizerPhone":"","_OrganizerWebsite":"","_VenueAddress":"","_VenueCity":"","_VenueCountry":"","_VenueProvince":"","_VenueState":"","_VenueZip":"","_VenuePhone":"","_VenueURL":"","_VenueStateProvince":"","_VenueLat":"","_VenueLng":"","_VenueShowMap":false,"_VenueShowMapLink":false,"footnotes":""},"class_list":["post-1243","page","type-page","status-publish","hentry"],"_links":{"self":[{"href":"https:\/\/waldorfschule-ingolstadt.de\/index.php?rest_route=\/wp\/v2\/pages\/1243","targetHints":{"allow":["GET"]}}],"collection":[{"href":"https:\/\/waldorfschule-ingolstadt.de\/index.php?rest_route=\/wp\/v2\/pages"}],"about":[{"href":"https:\/\/waldorfschule-ingolstadt.de\/index.php?rest_route=\/wp\/v2\/types\/page"}],"author":[{"embeddable":true,"href":"https:\/\/waldorfschule-ingolstadt.de\/index.php?rest_route=\/wp\/v2\/users\/3"}],"replies":[{"embeddable":true,"href":"https:\/\/waldorfschule-ingolstadt.de\/index.php?rest_route=%2Fwp%2Fv2%2Fcomments&post=1243"}],"version-history":[{"count":4,"href":"https:\/\/waldorfschule-ingolstadt.de\/index.php?rest_route=\/wp\/v2\/pages\/1243\/revisions"}],"predecessor-version":[{"id":1412,"href":"https:\/\/waldorfschule-ingolstadt.de\/index.php?rest_route=\/wp\/v2\/pages\/1243\/revisions\/1412"}],"up":[{"embeddable":true,"href":"https:\/\/waldorfschule-ingolstadt.de\/index.php?rest_route=\/wp\/v2\/pages\/143"}],"wp:attachment":[{"href":"https:\/\/waldorfschule-ingolstadt.de\/index.php?rest_route=%2Fwp%2Fv2%2Fmedia&parent=1243"}],"curies":[{"name":"wp","href":"https:\/\/api.w.org\/{rel}","templated":true}]}}