{"id":1314,"date":"2019-02-19T21:21:52","date_gmt":"2019-02-19T20:21:52","guid":{"rendered":"http:\/\/waldorfschule-ingolstadt.de\/?page_id=1314"},"modified":"2019-02-19T21:21:52","modified_gmt":"2019-02-19T20:21:52","slug":"eltern-vor-der-schulentscheidung","status":"publish","type":"page","link":"https:\/\/waldorfschule-ingolstadt.de\/?page_id=1314","title":{"rendered":"Eltern vor der Schulentscheidung"},"content":{"rendered":"\n<p>Dieser Kurzfilm vermittelt interessierten Eltern, die kurz vor der\n Schulentscheidung stehen, einen guten Eindruck vom Leben an der \nWaldorfschule und zeigt die Erfahrungen mehrerer Waldorfeltern an \nunterschiedlichen Schulen. \n<\/p>\n\n\n\n<p><em>Wir m\u00f6chten Sie darauf hinweisen, dass bei Aktivierung des Players Daten an den Anbieter YouTube \u00fcbermittelt werden k\u00f6nnten.<\/em><\/p>\n\n\n\n<iframe loading=\"lazy\" width=\"560\" height=\"315\" src=\"https:\/\/www.youtube-nocookie.com\/embed\/iZMy9-Ej_HQ\" frameborder=\"0\" allow=\"accelerometer; autoplay; encrypted-media; gyroscope; picture-in-picture\" allowfullscreen><\/iframe>\n\n\n\n<p><strong>Quelle: Bund der Freien Waldorfschulen \u2013\u00a0<a href=\"http:\/\/www.waldorfschule.de\/\">www.waldorfschule.de<\/a><\/strong><\/p>\n","protected":false},"excerpt":{"rendered":"<p>Dieser Kurzfilm vermittelt interessierten Eltern, die kurz vor der Schulentscheidung stehen, einen guten Eindruck vom Leben an der Waldorfschule und zeigt die Erfahrungen mehrerer Waldorfeltern an unterschiedlichen Schulen. Wir m\u00f6chten [&hellip;]<\/p>\n","protected":false},"author":3,"featured_media":0,"parent":1018,"menu_order":7,"comment_status":"closed","ping_status":"closed","template":"","meta":{"_EventAllDay":false,"_EventTimezone":"","_EventStartDate":"","_EventEndDate":"","_EventStartDateUTC":"","_EventEndDateUTC":"","_EventShowMap":false,"_EventShowMapLink":false,"_EventURL":"","_EventCost":"","_EventCostDescription":"","_EventCurrencySymbol":"","_EventCurrencyCode":"","_EventCurrencyPosition":"","_EventDateTimeSeparator":"","_EventTimeRangeSeparator":"","_EventOrganizerID":[],"_EventVenueID":[],"_OrganizerEmail":"","_OrganizerPhone":"","_OrganizerWebsite":"","_VenueAddress":"","_VenueCity":"","_VenueCountry":"","_VenueProvince":"","_VenueState":"","_VenueZip":"","_VenuePhone":"","_VenueURL":"","_VenueStateProvince":"","_VenueLat":"","_VenueLng":"","_VenueShowMap":false,"_VenueShowMapLink":false,"footnotes":""},"class_list":["post-1314","page","type-page","status-publish","hentry"],"_links":{"self":[{"href":"https:\/\/waldorfschule-ingolstadt.de\/index.php?rest_route=\/wp\/v2\/pages\/1314","targetHints":{"allow":["GET"]}}],"collection":[{"href":"https:\/\/waldorfschule-ingolstadt.de\/index.php?rest_route=\/wp\/v2\/pages"}],"about":[{"href":"https:\/\/waldorfschule-ingolstadt.de\/index.php?rest_route=\/wp\/v2\/types\/page"}],"author":[{"embeddable":true,"href":"https:\/\/waldorfschule-ingolstadt.de\/index.php?rest_route=\/wp\/v2\/users\/3"}],"replies":[{"embeddable":true,"href":"https:\/\/waldorfschule-ingolstadt.de\/index.php?rest_route=%2Fwp%2Fv2%2Fcomments&post=1314"}],"version-history":[{"count":2,"href":"https:\/\/waldorfschule-ingolstadt.de\/index.php?rest_route=\/wp\/v2\/pages\/1314\/revisions"}],"predecessor-version":[{"id":1316,"href":"https:\/\/waldorfschule-ingolstadt.de\/index.php?rest_route=\/wp\/v2\/pages\/1314\/revisions\/1316"}],"up":[{"embeddable":true,"href":"https:\/\/waldorfschule-ingolstadt.de\/index.php?rest_route=\/wp\/v2\/pages\/1018"}],"wp:attachment":[{"href":"https:\/\/waldorfschule-ingolstadt.de\/index.php?rest_route=%2Fwp%2Fv2%2Fmedia&parent=1314"}],"curies":[{"name":"wp","href":"https:\/\/api.w.org\/{rel}","templated":true}]}}