{"id":251,"date":"2014-09-18T12:02:55","date_gmt":"2014-09-18T10:02:55","guid":{"rendered":"http:\/\/waldorfschule-ingolstadt.de\/wordpress\/?page_id=251"},"modified":"2023-01-19T17:51:54","modified_gmt":"2023-01-19T16:51:54","slug":"mitglied-werden","status":"publish","type":"page","link":"https:\/\/waldorfschule-ingolstadt.de\/?page_id=251","title":{"rendered":"Antrag stellen"},"content":{"rendered":"\n<p>Wir freuen uns sehr \u00fcber jedes neue Mitglied, das unser Vorhaben unterst\u00fctzen m\u00f6chte! Durch eine gro\u00dfe Gemeinschaft ist es m\u00f6glich, eine besonders erfolgreiche Schule zu gr\u00fcnden um nachhaltig in die n\u00e4chste Generation zu investieren! Gemeinsam sind wir stark!<\/p>\n\n\n\n<p>Nach Abschluss der Mitgliedschaft bekommen Sie eine Best\u00e4tigung per E-Mail und sind somit automatisch im Verteiler, \u00fcber den Sie ca. 1x im Monat eine Kurzzusammenfassung der Aktiventreffen sowie den Termin f\u00fcr das n\u00e4chste Treffen der Aktiven erfahren. Gerne k\u00f6nnen Sie diese Treffen besuchen und uns auch aktiv unterst\u00fctzen.<\/p>\n\n\n\n<hr class=\"wp-block-separator has-css-opacity\"\/>\n\n\n\n<p>Verschiedene Mitgliedschaften stehen zu Ihrer Auswahl:<\/p>\n\n\n\n<ul class=\"wp-block-list\">\n<li>Einzelmitgliedschaft (40 Euro)<\/li>\n\n\n\n<li>Familienmitgliedschaft (60 Euro)<\/li>\n\n\n\n<li>F\u00f6rdermitgliedschaft (ab 200 Euro)<\/li>\n<\/ul>\n\n\n\n<hr class=\"wp-block-separator has-css-opacity\"\/>\n\n\n\n<p><strong>1. Aufnameantrag selbst ausdrucken und&nbsp;per&nbsp;Post schicken:<\/strong><br>Bitte laden Sie&nbsp;unseren Aufnahmeantrag herunter (<a href=\"https:\/\/waldorfschule-ingolstadt.de\/wp-content\/uploads\/2019\/01\/Aufnahmeantrag-F%C3%B6rderverein-Waldorfschule-Ingolstadt.pdf\" target=\"_blank\" rel=\"noopener noreferrer\">PDF, ca. 125 KB<\/a>) und drucken diesen aus.&nbsp;Wenn Sie auch mit&nbsp;unserer <a href=\"https:\/\/waldorfschule-ingolstadt.de\/wp-content\/uploads\/2018\/10\/20110120-Satzung-update-1.pdf\">Satzung<\/a> einverstanden sind, f\u00fcllen&nbsp;Sie bitte das Aufnahmeformular aus&nbsp;und senden es an die bereits eingetragene&nbsp;Adresse. \u2026oder bringen Sie das Formular&nbsp;zu einem der n\u00e4chsten&nbsp;Treffen mit.<\/p>\n\n\n\n<p><strong>2. Onlineformular<br><\/strong>Das Onlineformular steht aktuell leider nicht zur Verf\u00fcgung. Bitte greifen Sie auf das PDF zur\u00fcck. Gerne k\u00f6nnen wir Ihnen auf Wunsch auch einen unserer Flyer zukommen lassen. Diese enthalten ebenfalls ein Aufnahmeformular.<\/p>\n","protected":false},"excerpt":{"rendered":"<p>Wir freuen uns sehr \u00fcber jedes neue Mitglied, das unser Vorhaben unterst\u00fctzen m\u00f6chte! Durch eine gro\u00dfe Gemeinschaft ist es m\u00f6glich, eine besonders erfolgreiche Schule zu gr\u00fcnden um nachhaltig in die [&hellip;]<\/p>\n","protected":false},"author":1,"featured_media":0,"parent":1013,"menu_order":4,"comment_status":"closed","ping_status":"closed","template":"","meta":{"_EventAllDay":false,"_EventTimezone":"","_EventStartDate":"","_EventEndDate":"","_EventStartDateUTC":"","_EventEndDateUTC":"","_EventShowMap":false,"_EventShowMapLink":false,"_EventURL":"","_EventCost":"","_EventCostDescription":"","_EventCurrencySymbol":"","_EventCurrencyCode":"","_EventCurrencyPosition":"","_EventDateTimeSeparator":"","_EventTimeRangeSeparator":"","_EventOrganizerID":[],"_EventVenueID":[],"_OrganizerEmail":"","_OrganizerPhone":"","_OrganizerWebsite":"","_VenueAddress":"","_VenueCity":"","_VenueCountry":"","_VenueProvince":"","_VenueState":"","_VenueZip":"","_VenuePhone":"","_VenueURL":"","_VenueStateProvince":"","_VenueLat":"","_VenueLng":"","_VenueShowMap":false,"_VenueShowMapLink":false,"footnotes":""},"class_list":["post-251","page","type-page","status-publish","hentry"],"_links":{"self":[{"href":"https:\/\/waldorfschule-ingolstadt.de\/index.php?rest_route=\/wp\/v2\/pages\/251","targetHints":{"allow":["GET"]}}],"collection":[{"href":"https:\/\/waldorfschule-ingolstadt.de\/index.php?rest_route=\/wp\/v2\/pages"}],"about":[{"href":"https:\/\/waldorfschule-ingolstadt.de\/index.php?rest_route=\/wp\/v2\/types\/page"}],"author":[{"embeddable":true,"href":"https:\/\/waldorfschule-ingolstadt.de\/index.php?rest_route=\/wp\/v2\/users\/1"}],"replies":[{"embeddable":true,"href":"https:\/\/waldorfschule-ingolstadt.de\/index.php?rest_route=%2Fwp%2Fv2%2Fcomments&post=251"}],"version-history":[{"count":21,"href":"https:\/\/waldorfschule-ingolstadt.de\/index.php?rest_route=\/wp\/v2\/pages\/251\/revisions"}],"predecessor-version":[{"id":1644,"href":"https:\/\/waldorfschule-ingolstadt.de\/index.php?rest_route=\/wp\/v2\/pages\/251\/revisions\/1644"}],"up":[{"embeddable":true,"href":"https:\/\/waldorfschule-ingolstadt.de\/index.php?rest_route=\/wp\/v2\/pages\/1013"}],"wp:attachment":[{"href":"https:\/\/waldorfschule-ingolstadt.de\/index.php?rest_route=%2Fwp%2Fv2%2Fmedia&parent=251"}],"curies":[{"name":"wp","href":"https:\/\/api.w.org\/{rel}","templated":true}]}}