{"id":846,"date":"2017-03-29T21:20:23","date_gmt":"2017-03-29T19:20:23","guid":{"rendered":"http:\/\/waldorfschule-ingolstadt.de\/?page_id=846"},"modified":"2025-10-08T17:13:34","modified_gmt":"2025-10-08T15:13:34","slug":"startseite","status":"publish","type":"page","link":"https:\/\/waldorfschule-ingolstadt.de\/","title":{"rendered":""},"content":{"rendered":"\n<h4 class=\"wp-block-heading\"><\/h4>\n\n\n<div class=\"wp-block-image\">\n<figure class=\"aligncenter size-large is-resized\"><img loading=\"lazy\" decoding=\"async\" width=\"1024\" height=\"246\" src=\"http:\/\/waldorfschule-ingolstadt.de\/wp-content\/uploads\/2018\/10\/LogoWSI-1024x246-1024x246.png\" alt=\"F\u00f6rderverein Waldorfschule Ingolstadt e.V.\" class=\"wp-image-1051\" style=\"width:606px;height:145px\" srcset=\"https:\/\/waldorfschule-ingolstadt.de\/wp-content\/uploads\/2018\/10\/LogoWSI-1024x246.png 1024w, https:\/\/waldorfschule-ingolstadt.de\/wp-content\/uploads\/2018\/10\/LogoWSI-1024x246-300x72.png 300w, https:\/\/waldorfschule-ingolstadt.de\/wp-content\/uploads\/2018\/10\/LogoWSI-1024x246-768x185.png 768w, https:\/\/waldorfschule-ingolstadt.de\/wp-content\/uploads\/2018\/10\/LogoWSI-1024x246-982x236.png 982w, https:\/\/waldorfschule-ingolstadt.de\/wp-content\/uploads\/2018\/10\/LogoWSI-1024x246-400x96.png 400w\" sizes=\"auto, (max-width: 1024px) 100vw, 1024px\" \/><\/figure>\n<\/div>\n\n\n<p><\/p>\n\n\n\n<p><\/p>\n\n\n\n<h2 class=\"wp-block-heading has-text-color\" style=\"color:#ff9900\">Vielen Dank f\u00fcr den Beusch unseres Beitrags auf der Landesgartenschau!<\/h2>\n\n\n\n<figure class=\"wp-block-image size-large\"><a href=\"http:\/\/waldorfschule-ingolstadt.de\/?p=1493\"><img loading=\"lazy\" decoding=\"async\" width=\"745\" height=\"1024\" src=\"https:\/\/waldorfschule-ingolstadt.de\/wp-content\/uploads\/2020\/04\/LGS-Luftbild-04_2020-745x1024.jpg\" alt=\"\" class=\"wp-image-1515\" srcset=\"https:\/\/waldorfschule-ingolstadt.de\/wp-content\/uploads\/2020\/04\/LGS-Luftbild-04_2020-745x1024.jpg 745w, https:\/\/waldorfschule-ingolstadt.de\/wp-content\/uploads\/2020\/04\/LGS-Luftbild-04_2020-218x300.jpg 218w, https:\/\/waldorfschule-ingolstadt.de\/wp-content\/uploads\/2020\/04\/LGS-Luftbild-04_2020-768x1056.jpg 768w, https:\/\/waldorfschule-ingolstadt.de\/wp-content\/uploads\/2020\/04\/LGS-Luftbild-04_2020-1117x1536.jpg 1117w, https:\/\/waldorfschule-ingolstadt.de\/wp-content\/uploads\/2020\/04\/LGS-Luftbild-04_2020.jpg 1257w\" sizes=\"auto, (max-width: 745px) 100vw, 745px\" \/><\/a><figcaption class=\"wp-element-caption\">Luftaufnahme unseres LGS-Beitrags<\/figcaption><\/figure>\n\n\n\n<h2 class=\"wp-block-heading\"><br><br>Eine Waldorfschule f\u00fcr die Region Ingolstadt ist unser Ziel!<\/h2>\n\n\n\n<p>F\u00fcr die Gr\u00fcndung einer Waldorfschule in der Region Ingolstadt suchen wir Menschen, die die Idee dieses zukunftsweisenden Schulsystems unterst\u00fctzen, indem sie<\/p>\n\n\n\n<ul class=\"wp-block-list\">\n<li><span style=\"color: #ff9900;\">sich als <\/span><a href=\"https:\/\/waldorfschule-ingolstadt.de\/?page_id=251\" data-type=\"page\"><span style=\"color: #ff9900;\">Mitglieder<\/span> <\/a>im gemeinn\u00fctzigen F\u00f6rderverein <span style=\"color: #ff9900;\">engagieren<\/span>,<\/li>\n\n\n\n<li><span style=\"color: #ff9900;\">bei der Suche<\/span> <span style=\"color: #ff9900;\">nach<\/span> geeigneten <span style=\"color: #ff9900;\">R\u00e4umlichkeiten oder einem passenden Baugrundst\u00fcck<\/span> <span style=\"color: #ff9900;\">helfen<\/span> oder<\/li>\n\n\n\n<li><span style=\"color: #ff9900;\">durch eine<\/span> <span style=\"color: #ff9900;\">steuerlich absetzbare Spende<\/span> zum Gelingen des Projektes <span style=\"color: #ff9900;\">beitragen<\/span>.<\/li>\n<\/ul>\n\n\n<div class=\"wp-block-image\">\n<figure class=\"aligncenter\"><img loading=\"lazy\" decoding=\"async\" width=\"683\" height=\"1024\" src=\"http:\/\/waldorfschule-ingolstadt.de\/wp-content\/uploads\/2017\/03\/DSC_8413_1-683x1024.jpg\" alt=\"\" class=\"wp-image-857\" srcset=\"https:\/\/waldorfschule-ingolstadt.de\/wp-content\/uploads\/2017\/03\/DSC_8413_1-683x1024.jpg 683w, https:\/\/waldorfschule-ingolstadt.de\/wp-content\/uploads\/2017\/03\/DSC_8413_1-200x300.jpg 200w, https:\/\/waldorfschule-ingolstadt.de\/wp-content\/uploads\/2017\/03\/DSC_8413_1-768x1151.jpg 768w, https:\/\/waldorfschule-ingolstadt.de\/wp-content\/uploads\/2017\/03\/DSC_8413_1-982x1472.jpg 982w, https:\/\/waldorfschule-ingolstadt.de\/wp-content\/uploads\/2017\/03\/DSC_8413_1-267x400.jpg 267w, https:\/\/waldorfschule-ingolstadt.de\/wp-content\/uploads\/2017\/03\/DSC_8413_1.jpg 1001w\" sizes=\"auto, (max-width: 683px) 100vw, 683px\" \/><\/figure>\n<\/div>\n\n\n<p><\/p>\n","protected":false},"excerpt":{"rendered":"<p>Vielen Dank f\u00fcr den Beusch unseres Beitrags auf der Landesgartenschau! Eine Waldorfschule f\u00fcr die Region Ingolstadt ist unser Ziel! F\u00fcr die Gr\u00fcndung einer Waldorfschule in der Region Ingolstadt suchen wir [&hellip;]<\/p>\n","protected":false},"author":1,"featured_media":0,"parent":0,"menu_order":0,"comment_status":"closed","ping_status":"closed","template":"","meta":{"_EventAllDay":false,"_EventTimezone":"","_EventStartDate":"","_EventEndDate":"","_EventStartDateUTC":"","_EventEndDateUTC":"","_EventShowMap":false,"_EventShowMapLink":false,"_EventURL":"","_EventCost":"","_EventCostDescription":"","_EventCurrencySymbol":"","_EventCurrencyCode":"","_EventCurrencyPosition":"","_EventDateTimeSeparator":"","_EventTimeRangeSeparator":"","_EventOrganizerID":[],"_EventVenueID":[],"_OrganizerEmail":"","_OrganizerPhone":"","_OrganizerWebsite":"","_VenueAddress":"","_VenueCity":"","_VenueCountry":"","_VenueProvince":"","_VenueState":"","_VenueZip":"","_VenuePhone":"","_VenueURL":"","_VenueStateProvince":"","_VenueLat":"","_VenueLng":"","_VenueShowMap":false,"_VenueShowMapLink":false,"footnotes":""},"class_list":["post-846","page","type-page","status-publish","hentry"],"_links":{"self":[{"href":"https:\/\/waldorfschule-ingolstadt.de\/index.php?rest_route=\/wp\/v2\/pages\/846","targetHints":{"allow":["GET"]}}],"collection":[{"href":"https:\/\/waldorfschule-ingolstadt.de\/index.php?rest_route=\/wp\/v2\/pages"}],"about":[{"href":"https:\/\/waldorfschule-ingolstadt.de\/index.php?rest_route=\/wp\/v2\/types\/page"}],"author":[{"embeddable":true,"href":"https:\/\/waldorfschule-ingolstadt.de\/index.php?rest_route=\/wp\/v2\/users\/1"}],"replies":[{"embeddable":true,"href":"https:\/\/waldorfschule-ingolstadt.de\/index.php?rest_route=%2Fwp%2Fv2%2Fcomments&post=846"}],"version-history":[{"count":49,"href":"https:\/\/waldorfschule-ingolstadt.de\/index.php?rest_route=\/wp\/v2\/pages\/846\/revisions"}],"predecessor-version":[{"id":1649,"href":"https:\/\/waldorfschule-ingolstadt.de\/index.php?rest_route=\/wp\/v2\/pages\/846\/revisions\/1649"}],"wp:attachment":[{"href":"https:\/\/waldorfschule-ingolstadt.de\/index.php?rest_route=%2Fwp%2Fv2%2Fmedia&parent=846"}],"curies":[{"name":"wp","href":"https:\/\/api.w.org\/{rel}","templated":true}]}}